{"id":4,"date":"2019-07-25T10:30:43","date_gmt":"2019-07-25T10:30:43","guid":{"rendered":"https:\/\/creationaxis.com\/lalos\/?p=4"},"modified":"2022-07-21T19:23:33","modified_gmt":"2022-07-21T19:23:33","slug":"historia","status":"publish","type":"page","link":"https:\/\/antoniocaballero.com\/lalos-restaurant\/historia\/","title":{"rendered":"Historia"},"content":{"rendered":"<h2>Acerca de nosotros&#8230;<\/h2>\n<div>\n<p>En la cultura hisp\u00e1nica y latinoamericana existe un trato cordial y amigable, una natural hospitalidad hacia todas las personas con quien interactuamos, les consideramos como parte de nuestra familia.<\/p>\n<p>Siente la confianza de visitarnos y sorprenderte de la riqueza gastron\u00f3mica y de nuestro trato amable.<\/p>\n<p>Bienvenidos a todos!<span class=\"Apple-converted-space\">\u00a0<\/span><\/p>\n<p>Nuestra casa es&#8230;\u00a0<strong>SU CASA<\/strong>!<\/p>\n<\/div>\n<p><img decoding=\"async\" src=\"\/lalos-restaurant\/wp-content\/uploads\/yootheme\/signature.svg\" alt=\"\"><\/p>\n<div>Juan Espindola<\/div>\n<p><video src=\"\/lalos-restaurant\/wp-content\/uploads\/2021\/02\/Lalos-Video-Sample.mp4\" poster=\"\/lalos-restaurant\/wp-content\/uploads\/2021\/02\/posterframe.jpg\"><\/video><br \/>\n<img decoding=\"async\" src=\"\/lalos-restaurant\/wp-content\/uploads\/2021\/01\/2813520-1.jpg\" alt=\"\"><br \/>\n<img decoding=\"async\" src=\"\/lalos-restaurant\/wp-content\/uploads\/2021\/01\/salsas.jpg\" alt=\"\"><\/p>\n<h3>Nuestra Pasi\u00f3n<\/h3>\n<div>\n<p>La cocina Mexicana es una constante conversaci\u00f3n entre chefs, ingredientes, tradiciones y ra\u00edces. En Lalo\u00b4s Restaurant estamos orgullosos de ser mexicanos y tenemos una gran pasi\u00f3n por las tradiciones y sus recetas, as\u00ed como su historia y las an\u00e9cdotas que las hacen maravillosas.<\/p>\n<\/div>\n<p><img decoding=\"async\" src=\"\/lalos-restaurant\/wp-content\/uploads\/2021\/01\/barbaca.jpeg\" alt=\"\"><\/p>\n<div>\n<p>        <img decoding=\"async\" src=\"\/lalos-restaurant\/wp-content\/uploads\/2021\/01\/fh-tacos.jpg\" alt=\"\"><\/p>\n<h2>Nuestra Cocina<\/h2>\n<p>La base de la gastronom\u00eda mexicana es, sin duda el ma\u00edz y el chile, los cuales datan de la \u00e9poca prehisp\u00e1nica.<\/p>\n<\/div>\n<p><!--more--><br \/>\n<!-- {\"type\":\"layout\",\"children\":[{\"type\":\"section\",\"props\":{\"style\":\"default\",\"width\":\"\",\"vertical_align\":\"middle\",\"title_position\":\"top-right\",\"title_rotation\":\"left\",\"title_breakpoint\":\"xl\",\"image_position\":\"top-left\",\"title\":\"Bienvenidos\",\"padding_remove_bottom\":false,\"image\":\"wp-content\\\/uploads\\\/yootheme\\\/home-journal-bg.png\",\"image_effect\":\"parallax\",\"image_parallax_bgx_start\":\"-600\",\"image_parallax_bgx_end\":\"-600\",\"image_parallax_bgy_start\":\"20\",\"media_visibility\":\"m\"},\"children\":[{\"type\":\"row\",\"props\":{\"width\":\"xsmall\",\"margin\":\"large\",\"margin_remove_top\":false,\"padding_remove_horizontal\":false},\"children\":[{\"type\":\"column\",\"props\":{\"image_position\":\"center-left\",\"media_overlay_gradient\":\"\",\"width_medium\":\"1-1\",\"image\":\"\",\"image_size\":\"cover\",\"image_effect\":\"parallax\",\"image_parallax_bgx_start\":\"-600\",\"image_parallax_bgx_end\":\"-600\",\"media_overlay\":\"rgba(255, 255, 255, 0.6)\",\"image_parallax_bgy_start\":\"-250\",\"image_parallax_bgy_end\":\"-80\",\"position_sticky_breakpoint\":\"m\"},\"children\":[{\"type\":\"headline\",\"props\":{\"title_element\":\"h2\",\"title_style\":\"h3\",\"title_decoration\":\"line\",\"content\":\"Acerca de nosotros...\"}},{\"type\":\"text\",\"props\":{\"margin\":\"medium\",\"column_breakpoint\":\"m\",\"content\":\"\n\n<p>En la cultura hisp\\u00e1nica y latinoamericana existe un trato cordial y amigable, una natural hospitalidad hacia todas las personas con quien interactuamos, les consideramos como parte de nuestra familia.<\\\/p>\\n\n\n<p>Siente la confianza de visitarnos y sorprenderte de la riqueza gastron\\u00f3mica y de nuestro trato amable.<\\\/p>\\n\n\n<p>Bienvenidos a todos!<span class=\\\"Apple-converted-space\\\">\\u00a0<\\\/span><\\\/p>\\n\n\n<p>Nuestra casa es...\\u00a0<strong>SU CASA<\\\/strong>!<\\\/p>\",\"text_style\":\"lead\",\"dropcap\":true}},{\"type\":\"image\",\"props\":{\"margin\":\"large\",\"image_svg_color\":\"emphasis\",\"image\":\"wp-content\\\/uploads\\\/yootheme\\\/signature.svg\",\"margin_remove_bottom\":true,\"image_svg_inline\":true}},{\"type\":\"headline\",\"props\":{\"title_element\":\"div\",\"title_style\":\"h6\",\"margin\":\"small\",\"content\":\"Juan Espindola\"}}]}]},{\"type\":\"row\",\"props\":{\"layout\":\"2-3,1-3\",\"column_gap\":\"collapse\",\"row_gap\":\"small\",\"width\":\"default\",\"class\":\"\",\"padding_remove_horizontal\":false,\"match\":true},\"children\":[{\"type\":\"column\",\"props\":{\"image_position\":\"center-center\",\"media_overlay_gradient\":\"\",\"width_medium\":\"2-3\",\"position_sticky_breakpoint\":\"m\"},\"children\":[{\"type\":\"video\",\"props\":{\"video_controls\":false,\"margin\":\"remove-vertical\",\"video\":\"wp-content\\\/uploads\\\/2021\\\/02\\\/Lalos-Video-Sample.mp4\",\"video_loop\":true,\"video_muted\":true,\"video_playsinline\":true,\"video_autoplay\":\"inview\",\"video_height\":\"580\",\"video_poster\":\"wp-content\\\/uploads\\\/2021\\\/02\\\/posterframe.jpg\",\"video_lazyload\":true,\"container_padding_remove\":false,\"video_width\":\"720\"}}]},{\"type\":\"column\",\"props\":{\"image_position\":\"center-center\",\"media_overlay_gradient\":\"\",\"width_medium\":\"1-3\",\"vertical_align\":\"middle\",\"position_sticky_breakpoint\":\"m\"},\"children\":[{\"type\":\"image\",\"props\":{\"margin\":\"default\",\"image_svg_color\":\"emphasis\",\"visibility\":\"s\",\"image\":\"wp-content\\\/uploads\\\/2021\\\/01\\\/2813520-1.jpg\",\"image_width\":\"680\",\"class\":\"uk-visible@s\",\"image_height\":\"320\"}},{\"type\":\"image\",\"props\":{\"margin\":\"default\",\"image_svg_color\":\"emphasis\",\"image\":\"wp-content\\\/uploads\\\/2021\\\/01\\\/salsas.jpg\",\"image_height\":\"270\",\"image_width\":\"680\"}}]}]},{\"type\":\"row\",\"props\":{\"width\":\"xsmall\",\"margin\":\"large\"},\"children\":[{\"type\":\"column\",\"props\":{\"image_position\":\"center-center\",\"media_overlay_gradient\":\"\",\"width_medium\":\"1-1\",\"position_sticky_breakpoint\":\"m\"},\"children\":[{\"type\":\"headline\",\"props\":{\"title_element\":\"h3\",\"title_style\":\"h3\",\"title_decoration\":\"line\",\"margin\":\"medium\",\"content\":\"Nuestra Pasi\\u00f3n\",\"title_color\":\"emphasis\"}},{\"type\":\"text\",\"props\":{\"margin\":\"xlarge\",\"column_breakpoint\":\"m\",\"content\":\"\n\n<p>La cocina Mexicana es una constante conversaci\\u00f3n entre chefs, ingredientes, tradiciones y ra\\u00edces. En Lalo\\u00b4s Restaurant estamos orgullosos de ser mexicanos y tenemos una gran pasi\\u00f3n por las tradiciones y sus recetas, as\\u00ed como su historia y las an\\u00e9cdotas que las hacen maravillosas.<\\\/p>\",\"margin_remove_top\":true,\"text_style\":\"lead\"}}]}]},{\"type\":\"row\",\"props\":{\"layout\":\"2-3,1-3\",\"column_gap\":\"small\",\"row_gap\":\"small\",\"width\":\"default\",\"margin\":\"xlarge\",\"margin_remove_top\":true,\"margin_remove_bottom\":true,\"match\":true},\"children\":[{\"type\":\"column\",\"props\":{\"image_position\":\"center-center\",\"media_overlay_gradient\":\"\",\"width_small\":\"2-3\",\"position_sticky_breakpoint\":\"m\"},\"children\":[{\"type\":\"image\",\"props\":{\"margin\":\"default\",\"image_svg_color\":\"emphasis\",\"image\":\"wp-content\\\/uploads\\\/2021\\\/01\\\/barbaca.jpeg\",\"class\":\"\"},\"name\":\"\"}]},{\"type\":\"column\",\"props\":{\"image_position\":\"center-center\",\"media_overlay_gradient\":\"\",\"width_small\":\"1-3\",\"position_sticky_breakpoint\":\"m\"},\"children\":[{\"type\":\"panel\",\"props\":{\"link_text\":\"Read more\",\"title_hover_style\":\"reset\",\"title_element\":\"h2\",\"title_align\":\"top\",\"title_grid_width\":\"1-2\",\"title_grid_breakpoint\":\"m\",\"meta_style\":\"h5\",\"meta_align\":\"below-title\",\"image_align\":\"top\",\"image_grid_width\":\"1-2\",\"image_grid_breakpoint\":\"m\",\"image_svg_color\":\"emphasis\",\"link_style\":\"default\",\"margin\":\"default\",\"title_style\":\"h3\",\"meta_margin\":\"small\",\"title\":\"Nuestra Cocina\",\"content\":\"\",\"image\":\"wp-content\\\/uploads\\\/2021\\\/01\\\/fh-tacos.jpg\",\"meta\":\"La base de la gastronom\\u00eda mexicana es, sin duda el ma\\u00edz y el chile, los cuales datan de la \\u00e9poca prehisp\\u00e1nica.\",\"image_width\":\"610\",\"icon_width\":80,\"meta_element\":\"div\",\"content_column_breakpoint\":\"m\",\"title_decoration\":\"divider\",\"title_color\":\"primary\",\"panel_padding\":\"small\"}}]}]}],\"name\":\"About\"},{\"type\":\"section\",\"props\":{\"style\":\"default\",\"width\":\"default\",\"vertical_align\":\"middle\",\"title_position\":\"top-left\",\"title_rotation\":\"left\",\"title_breakpoint\":\"xl\",\"image_position\":\"center-center\",\"padding_remove_top\":true,\"status\":\"disabled\"},\"children\":[{\"type\":\"row\",\"children\":[{\"type\":\"column\",\"props\":{\"image_position\":\"center-center\",\"media_overlay_gradient\":\"\",\"position_sticky_breakpoint\":\"m\"},\"children\":[{\"type\":\"headline\",\"props\":{\"title_element\":\"h3\",\"title_style\":\"h3\",\"title_decoration\":\"line\",\"margin\":\"medium\",\"content\":\"Como nos viste en\"}},{\"type\":\"grid\",\"props\":{\"show_title\":false,\"show_meta\":true,\"show_content\":true,\"show_image\":true,\"show_link\":true,\"grid_default\":\"3\",\"grid_medium\":\"\",\"filter_style\":\"tab\",\"filter_all\":true,\"filter_position\":\"top\",\"filter_align\":\"left\",\"filter_grid_width\":\"auto\",\"filter_grid_breakpoint\":\"m\",\"title_hover_style\":\"reset\",\"title_element\":\"h3\",\"title_align\":\"top\",\"title_grid_width\":\"1-2\",\"title_grid_breakpoint\":\"m\",\"meta_style\":\"meta\",\"meta_align\":\"below-title\",\"image_align\":\"top\",\"image_grid_width\":\"1-2\",\"image_grid_breakpoint\":\"m\",\"image_svg_color\":\"muted\",\"link_text\":\"Read more\",\"link_style\":\"default\",\"margin\":\"medium\",\"item_animation\":true,\"grid_small\":\"5\",\"image_svg_inline\":true,\"grid_column_align\":true,\"icon_width\":80,\"meta_element\":\"div\",\"content_column_breakpoint\":\"m\"},\"children\":[{\"type\":\"grid_item\",\"props\":{\"title\":\"About Featured 01\",\"image\":\"wp-content\\\/uploads\\\/yootheme\\\/about-featured-01.svg\"}},{\"type\":\"grid_item\",\"props\":{\"title\":\"About Featured 02\",\"image\":\"wp-content\\\/uploads\\\/yootheme\\\/about-featured-02.svg\"}},{\"type\":\"grid_item\",\"props\":{\"title\":\"About Featured 03\",\"image\":\"wp-content\\\/uploads\\\/yootheme\\\/about-featured-03.svg\"}},{\"type\":\"grid_item\",\"props\":{\"title\":\"About Featured 04\",\"image\":\"wp-content\\\/uploads\\\/yootheme\\\/about-featured-04.svg\"}},{\"type\":\"grid_item\",\"props\":{\"title\":\"About Featured 05\",\"image\":\"wp-content\\\/uploads\\\/yootheme\\\/about-featured-05.svg\"}}]}]}]}]},{\"type\":\"section\",\"props\":{\"style\":\"default\",\"width\":\"default\",\"vertical_align\":\"middle\",\"title_position\":\"top-left\",\"title_rotation\":\"left\",\"title_breakpoint\":\"xl\",\"image_position\":\"center-center\",\"status\":\"disabled\"},\"children\":[{\"type\":\"row\",\"children\":[{\"type\":\"column\",\"props\":{\"image_position\":\"center-center\",\"media_overlay_gradient\":\"\",\"position_sticky_breakpoint\":\"m\"},\"children\":[{\"type\":\"html\",\"props\":{\"content\":\"<iframe id=\\\"d0fe3f61-5e52-457c-83a6-1099ce840ed9\\\" src=\\\"https:\\\/\\\/www.vectary.com\\\/viewer\\\/v1\\\/?model=d0fe3f61-5e52-457c-83a6-1099ce840ed9&env=studio3&turntable=3\\\" frameborder=\\\"0\\\" width=\\\"100%\\\" height=\\\"480\\\"><\\\/iframe>\",\"status\":\"disabled\"}}]}]}]}],\"version\":\"2.7.22\"} --><\/p>\n","protected":false},"excerpt":{"rendered":"<p>Acerca de nosotros&hellip; En la cultura hisp&aacute;nica y latinoamericana existe un trato cordial y amigable, una natural hospitalidad hacia todas las personas con quien interactuamos, les consideramos como parte de nuestra familia. Siente la confianza de visitarnos y sorprenderte de la riqueza gastron&oacute;mica y de nuestro trato amable. Bienvenidos a todos!&nbsp; Nuestra casa es&hellip;&nbsp;SU CASA! [&hellip;]<\/p>\n","protected":false},"author":1,"featured_media":0,"parent":0,"menu_order":4,"comment_status":"open","ping_status":"closed","template":"","meta":{"footnotes":""},"class_list":["post-4","page","type-page","status-publish","hentry"],"_links":{"self":[{"href":"https:\/\/antoniocaballero.com\/lalos-restaurant\/wp-json\/wp\/v2\/pages\/4","targetHints":{"allow":["GET"]}}],"collection":[{"href":"https:\/\/antoniocaballero.com\/lalos-restaurant\/wp-json\/wp\/v2\/pages"}],"about":[{"href":"https:\/\/antoniocaballero.com\/lalos-restaurant\/wp-json\/wp\/v2\/types\/page"}],"author":[{"embeddable":true,"href":"https:\/\/antoniocaballero.com\/lalos-restaurant\/wp-json\/wp\/v2\/users\/1"}],"replies":[{"embeddable":true,"href":"https:\/\/antoniocaballero.com\/lalos-restaurant\/wp-json\/wp\/v2\/comments?post=4"}],"version-history":[{"count":89,"href":"https:\/\/antoniocaballero.com\/lalos-restaurant\/wp-json\/wp\/v2\/pages\/4\/revisions"}],"predecessor-version":[{"id":2285,"href":"https:\/\/antoniocaballero.com\/lalos-restaurant\/wp-json\/wp\/v2\/pages\/4\/revisions\/2285"}],"wp:attachment":[{"href":"https:\/\/antoniocaballero.com\/lalos-restaurant\/wp-json\/wp\/v2\/media?parent=4"}],"curies":[{"name":"wp","href":"https:\/\/api.w.org\/{rel}","templated":true}]}}