{"id":1433,"date":"2021-01-27T15:34:26","date_gmt":"2021-01-27T15:34:26","guid":{"rendered":"https:\/\/lalosrestaurant.com\/?post_type=product&#038;p=1433"},"modified":"2021-02-04T21:54:41","modified_gmt":"2021-02-04T21:54:41","slug":"licuados","status":"publish","type":"product","link":"https:\/\/antoniocaballero.com\/lalos-restaurant\/product\/licuados\/","title":{"rendered":"Licuados"},"content":{"rendered":"<div>\n<p>        <img decoding=\"async\" src=\"\/wp-content\/uploads\/2021\/02\/Licuado-2.jpg\" alt=\"\"><\/p>\n<\/div>\n<p>\n    <a href=\"#\">Bebidas<\/a>\n<\/p>\n<h1>Licuados<\/h1>\n<div>Es posible elaborar un licuado con cualquier fruta, pero los m\u00e1s comunes son pl\u00e1tano, mamey, fresa, guayaba y papaya.<\/div>\n<div>\n<p>    <img decoding=\"async\" src=\"\/wp-content\/uploads\/2021\/01\/Licuado.svg\" alt=\"\"><\/p>\n<div><strong>$4.50<\/strong> &nbsp; Regular<br \/> <strong>$5.50<\/strong> &nbsp; Mamey<\/div>\n<p>Precio<\/p>\n<\/div>\n<hr>\n<p>\n    <a href=\"tel:+19167362389\">Ordena ahora &nbsp;&nbsp;<\/a>\n<\/p>\n<div>Comparte la noticia!<\/div>\n<ul>\n<li><a href=\"http:\/\/facebook.com\/#\">facebook<\/a>\n<\/li>\n<li><a href=\"https:\/\/twitter.com\/#\">twitter<\/a>\n<\/li>\n<li><a href=\"https:\/\/whatsapp.com\/#\">whatsapp<\/a>\n<\/li>\n<li><a href=\"https:\/\/instagram.com\/#\">instagram<\/a>\n<\/li>\n<\/ul>\n<h1>\n<p>Fuente de bebidas<\/p>\n<\/h1>\n<div>\n<p>        <img decoding=\"async\" src=\"\/wp-content\/uploads\/2021\/01\/licuados.jpg\" alt=\"\"><\/p>\n<h2>Licuados<\/h2>\n<p>Orgullo natural<\/p>\n<div>\n<p>Bebida preparada con leche, az\u00facar, gotas de vainilla y pulpa de fruta. Todos los ingredientes se lic\u00faan hasta obtener una bebida homog\u00e9nea y tersa que se sirve en un vaso alto.<\/p>\n<\/div>\n<p><a href=\"tel:+19167362389\">ordena<\/a><\/p>\n<\/div>\n<div>\n<p>        <img decoding=\"async\" src=\"\/wp-content\/uploads\/2021\/01\/AguaFresca.jpg\" alt=\"\"><\/p>\n<h2>Aguas Frescas<\/h2>\n<p>Sabor natural  y refrescante<\/p>\n<div>\n<p>Las aguas frescas se hacen mezclando agua con jugos de frutas, , a los que se le agrega az\u00facar. Las m\u00e1s populares son el agua de Jamaica, la de lim\u00f3n, la de naranja, la de tamarindo y la de horchata.<\/p>\n<\/div>\n<p><a href=\"tel:+19167362389\">ordena<\/a><\/p>\n<\/div>\n<div>\n<p>        <img decoding=\"async\" src=\"\/wp-content\/uploads\/2021\/01\/cafedeolla.jpg\" alt=\"\"><\/p>\n<h2>Caf\u00e9 de Olla<\/h2>\n<p>El buen caf\u00e9 toma su tiempo<\/p>\n<div>\n<p>El caf\u00e9 es una bebida muy popular que se obtiene de la semilla de un arbusto denominado Cafeto. Esta semilla es molida y tostada para obtener el polvo que se utiliza para la elaboraci\u00f3n de la bebida.<\/p>\n<\/div>\n<p><a href=\"tel:+19167362389\">ordena<\/a><\/p>\n<\/div>\n<div>\n<p>        <img decoding=\"async\" src=\"\/wp-content\/uploads\/2021\/01\/cafedeolla.jpg\" alt=\"\"><\/p>\n<h2>Cafe de Olla<\/h2>\n<p>El buen caf\u00e9 toma su tiempo<\/p>\n<div>\n<p>El caf\u00e9 es una bebida muy popular que se obtiene de la semilla de un arbusto denominado Cafeto. Esta semilla es molida y tostada para obtener el polvo que se utiliza para la elaboraci\u00f3n de la bebida.<\/p>\n<\/div>\n<p><a href=\"tel:+19167362389\">ordena<\/a><\/p>\n<\/div>\n<p><!-- {\"name\":\"Post Index\",\"type\":\"layout\",\"children\":[{\"type\":\"section\",\"props\":{\"style\":\"default\",\"width\":\"\",\"vertical_align\":\"middle\",\"title_position\":\"center-right\",\"title_rotation\":\"left\",\"title_breakpoint\":\"xl\",\"image_position\":\"center-center\",\"title\":\"Fuente de bebidas\",\"padding_remove_top\":false,\"padding_remove_bottom\":true,\"image\":\"\"},\"children\":[{\"type\":\"row\",\"props\":{\"layout\":\"1-2,1-2\",\"column_gap\":\"large\",\"row_gap\":\"large\",\"width\":\"default\",\"margin\":\"medium\"},\"children\":[{\"type\":\"column\",\"props\":{\"image_position\":\"center-center\",\"media_overlay_gradient\":\"\",\"width_small\":\"1-2\",\"width_medium\":\"1-2\"},\"children\":[{\"type\":\"overlay\",\"props\":{\"link_text\":\"\",\"overlay_mode\":\"caption\",\"overlay_hover\":false,\"overlay_style\":\"\",\"text_color\":\"\",\"overlay_position\":\"bottom-left\",\"overlay_transition\":\"scale-up\",\"title_hover_style\":\"reset\",\"title_element\":\"h3\",\"meta_style\":\"meta\",\"meta_align\":\"below-title\",\"link_style\":\"\",\"text_align\":\"left\",\"margin\":\"default\",\"overlay_padding\":\"none\",\"position\":\"relative\",\"position_z_index\":\"1\",\"image_width\":\"480\",\"hover_image\":\"\",\"content\":\"\",\"overlay_link\":false,\"link_target\":false,\"source\":\"article\",\"css\":\"@media (min-width: 960px) {\\n\\t.el-image { width: 495px; }\\n}\",\"meta_element\":\"div\",\"image\":\"wp-content\\\/uploads\\\/2021\\\/02\\\/Licuado-2.jpg\",\"link\":\"\",\"image_alt\":\"\",\"overlay_image\":null,\"overlay_transition_background\":false,\"image_transition\":\"scale-up\",\"image_box_decoration\":\"mask\",\"image_min_height\":\"\",\"image_box_decoration_inverse\":false,\"image_height\":\"720\"}}]},{\"type\":\"column\",\"props\":{\"image_position\":\"center-center\",\"media_overlay_gradient\":\"\",\"vertical_align\":\"middle\",\"width_small\":\"1-2\",\"width_medium\":\"1-2\"},\"children\":[{\"type\":\"button\",\"props\":{\"margin\":\"\",\"position\":\"relative\",\"position_z_index\":\"1\",\"text_align\":\"left\",\"grid_column_gap\":\"small\",\"grid_row_gap\":\"small\",\"margin_remove_bottom\":true},\"children\":[{\"type\":\"button_item\",\"props\":{\"button_style\":\"\",\"icon_align\":\"left\",\"content\":\"Bebidas\",\"link\":\"#\"}}]},{\"type\":\"headline\",\"props\":{\"title_element\":\"h1\",\"position\":\"relative\",\"position_z_index\":\"1\",\"margin\":\"default\",\"maxwidth\":\"large\",\"text_align\":\"left\",\"source\":\"article\",\"content\":\"Licuados\"}},{\"type\":\"text\",\"props\":{\"margin\":\"default\",\"column_breakpoint\":\"m\",\"text_style\":\"lead\",\"position\":\"relative\",\"position_z_index\":\"1\",\"maxwidth\":\"large\",\"maxwidth_breakpoint\":\"m\",\"text_align\":\"left\",\"source\":\"article\",\"content\":\"Es posible elaborar un licuado con cualquier fruta, pero los m\\u00e1s comunes son pl\\u00e1tano, mamey, fresa, guayaba y papaya.\"}},{\"type\":\"grid\",\"props\":{\"show_title\":true,\"show_meta\":true,\"show_content\":true,\"show_image\":true,\"show_link\":true,\"grid_default\":\"1\",\"grid_medium\":\"auto\",\"filter_style\":\"tab\",\"filter_all\":true,\"filter_position\":\"top\",\"filter_align\":\"left\",\"filter_grid_width\":\"auto\",\"title_hover_style\":\"reset\",\"title_element\":\"div\",\"title_align\":\"top\",\"title_grid_width\":\"auto\",\"meta_style\":\"meta\",\"meta_align\":\"above-title\",\"image_align\":\"left\",\"image_grid_width\":\"auto\",\"image_svg_color\":\"secondary\",\"link_text\":\"\",\"link_style\":\"default\",\"margin\":\"large\",\"item_animation\":\"\",\"title_style\":\"h6\",\"title_color\":\"emphasis\",\"title_margin\":\"remove\",\"meta_margin\":\"remove\",\"image_transition\":\"scale-up\",\"position\":\"relative\",\"position_z_index\":\"1\",\"text_align\":\"left\",\"grid_column_gap\":\"medium\",\"grid_row_gap\":\"medium\",\"filter_grid_breakpoint\":\"m\",\"title_grid_breakpoint\":\"m\",\"image_grid_column_gap\":\"large\",\"image_grid_row_gap\":\"small\",\"image_grid_breakpoint\":\"\",\"panel_link\":true,\"image_vertical_align\":true,\"grid_divider\":true,\"grid_column_align\":false,\"image_svg_inline\":true,\"image_svg_animate\":false,\"grid_row_align\":false,\"content_column_breakpoint\":\"m\",\"icon_width\":\"80\",\"meta_element\":\"div\",\"image_height\":\"100\"},\"children\":[{\"type\":\"grid_item\",\"props\":{\"image\":\"wp-content\\\/uploads\\\/2021\\\/01\\\/Licuado.svg\",\"link\":\"\",\"source\":\"article\",\"meta\":\"Precio\n\n\",\"title\":\"<strong>$4.50<\\\/strong> &nbsp; Regular<br \/> <strong>$5.50<\\\/strong> &nbsp; Mamey\"}}],\"name\":\"Grid\"},{\"type\":\"divider\",\"props\":{\"divider_element\":\"hr\",\"margin\":\"small\",\"margin_remove_top\":true}},{\"type\":\"button\",\"props\":{\"grid_column_gap\":\"small\",\"grid_row_gap\":\"small\",\"margin\":\"default\"},\"children\":[{\"type\":\"button_item\",\"props\":{\"button_style\":\"secondary\",\"icon_align\":\"right\",\"content\":\"Ordena ahora &nbsp;&nbsp;\",\"icon\":\"receiver\",\"link\":\"tel:+19167362389\"}}]},{\"type\":\"text\",\"props\":{\"margin\":\"large\",\"column_breakpoint\":\"m\",\"content\":\"Comparte la noticia!\",\"text_style\":\"meta\",\"text_color\":\"muted\",\"margin_remove_bottom\":true}},{\"type\":\"social\",\"props\":{\"link_style\":\"button\",\"gap\":\"small\",\"margin\":\"small\"},\"children\":[{\"type\":\"social_item\",\"props\":{\"link\":\"http:\\\/\\\/facebook.com\\\/#\"}},{\"type\":\"social_item\",\"props\":{\"link\":\"https:\\\/\\\/twitter.com\\\/#\"}},{\"type\":\"social_item\",\"props\":{\"link\":\"https:\\\/\\\/whatsapp.com\\\/#\"}},{\"type\":\"social_item\",\"props\":{\"link\":\"https:\\\/\\\/instagram.com\\\/#\"}}]}]}]}],\"name\":\"Product Commerce Widget\",\"modified\":\"2021-01-29T17:15:04.502Z\"},{\"type\":\"section\",\"props\":{\"style\":\"default\",\"width\":\"\",\"vertical_align\":\"middle\",\"title_position\":\"top-left\",\"title_rotation\":\"left\",\"title_breakpoint\":\"xl\",\"image_position\":\"center-center\",\"padding\":\"xsmall\",\"padding_remove_bottom\":false},\"children\":[{\"type\":\"row\",\"props\":{\"width\":\"small\",\"margin_remove_bottom\":true,\"row_gap\":\"small\",\"divider\":false},\"children\":[{\"type\":\"column\",\"props\":{\"image_position\":\"center-center\",\"media_overlay_gradient\":\"\",\"width_medium\":\"1-1\"},\"children\":[{\"type\":\"headline\",\"props\":{\"title_element\":\"h1\",\"content\":\"\n\n<p>Fuente de bebidas<\\\/p>\",\"text_align\":\"center\",\"title_style\":\"heading-small\"}},{\"type\":\"divider\",\"props\":{\"divider_element\":\"div\",\"divider_style\":\"vertical\",\"margin\":\"large\",\"margin_remove_bottom\":false}}]}]},{\"type\":\"row\",\"props\":{\"row_gap\":\"large\",\"width\":\"xlarge\",\"margin\":\"xlarge\",\"margin_remove_bottom\":true},\"children\":[{\"type\":\"column\",\"props\":{\"image_position\":\"center-center\",\"media_overlay_gradient\":\"\",\"width_medium\":\"1-1\"},\"children\":[{\"type\":\"panel\",\"props\":{\"link_text\":\"ordena\",\"title_hover_style\":\"reset\",\"title_element\":\"h2\",\"title_align\":\"top\",\"title_grid_width\":\"1-2\",\"title_grid_breakpoint\":\"m\",\"meta_style\":\"\",\"meta_align\":\"above-title\",\"meta_element\":\"div\",\"content_column_breakpoint\":\"m\",\"icon_width\":80,\"image_align\":\"right\",\"image_grid_width\":\"1-2\",\"image_grid_breakpoint\":\"m\",\"image_svg_color\":\"emphasis\",\"link_style\":\"text\",\"margin\":\"default\",\"image_vertical_align\":true,\"text_align\":\"center\",\"image_grid_row_gap\":\"large\",\"image_grid_column_gap\":\"large\",\"meta_color\":\"muted\",\"content_style\":\"lead\",\"panel_content_padding\":\"default\",\"title_margin\":\"small\",\"title_link\":true,\"image_link\":true,\"image_width\":\"910\",\"title_style\":\"h3\",\"title\":\"Licuados\",\"meta\":\"Orgullo natural\",\"content\":\"\n\n<p>Bebida preparada con leche, az\\u00facar, gotas de vainilla y pulpa de fruta. Todos los ingredientes se lic\\u00faan hasta obtener una bebida homog\\u00e9nea y tersa que se sirve en un vaso alto.<\\\/p>\",\"image\":\"wp-content\\\/uploads\\\/2021\\\/01\\\/licuados.jpg\",\"image_alt\":\"\",\"link\":\"tel:+19167362389\",\"margin_remove_top\":false}}]}]},{\"type\":\"row\",\"props\":{\"layout\":\"1-2,1-2\",\"width\":\"xlarge\",\"margin\":\"xlarge\",\"margin_remove_top\":false,\"margin_remove_bottom\":true,\"column_gap\":\"large\",\"row_gap\":\"large\",\"match\":false},\"children\":[{\"type\":\"column\",\"props\":{\"image_position\":\"center-center\",\"media_overlay_gradient\":\"\",\"width_medium\":\"1-2\",\"vertical_align\":\"middle\",\"width_small\":\"1-2\"},\"children\":[{\"type\":\"panel\",\"props\":{\"link_text\":\"ordena\",\"title_hover_style\":\"reset\",\"title_element\":\"h2\",\"title_align\":\"top\",\"title_grid_width\":\"1-2\",\"title_grid_breakpoint\":\"m\",\"meta_style\":\"\",\"meta_align\":\"above-title\",\"meta_element\":\"div\",\"content_column_breakpoint\":\"m\",\"icon_width\":80,\"image_align\":\"top\",\"image_grid_width\":\"1-2\",\"image_grid_breakpoint\":\"m\",\"image_svg_color\":\"emphasis\",\"link_style\":\"text\",\"margin\":\"default\",\"image_vertical_align\":true,\"text_align\":\"center\",\"image_grid_row_gap\":\"large\",\"image_grid_column_gap\":\"large\",\"meta_color\":\"muted\",\"content_style\":\"lead\",\"panel_content_padding\":\"default\",\"title_margin\":\"small\",\"title_link\":true,\"image_link\":true,\"image_width\":\"650\",\"image_height\":\"750\",\"title_style\":\"h3\",\"title\":\"Aguas Frescas\",\"meta\":\"Sabor natural  y refrescante\",\"content\":\"\n\n<p>Las aguas frescas se hacen mezclando agua con jugos de frutas, , a los que se le agrega az\\u00facar. Las m\\u00e1s populares son el agua de Jamaica, la de lim\\u00f3n, la de naranja, la de tamarindo y la de horchata.<\\\/p>\",\"image\":\"wp-content\\\/uploads\\\/2021\\\/01\\\/AguaFresca.jpg\",\"image_alt\":\"\",\"link\":\"tel:+19167362389\"}}]},{\"type\":\"column\",\"props\":{\"image_position\":\"center-center\",\"media_overlay_gradient\":\"\",\"width_medium\":\"1-2\",\"vertical_align\":\"middle\",\"width_small\":\"1-2\"},\"children\":[{\"type\":\"panel\",\"props\":{\"link_text\":\"ordena\",\"title_hover_style\":\"reset\",\"title_element\":\"h2\",\"title_align\":\"top\",\"title_grid_width\":\"1-2\",\"title_grid_breakpoint\":\"m\",\"meta_style\":\"\",\"meta_align\":\"above-title\",\"meta_element\":\"div\",\"content_column_breakpoint\":\"m\",\"icon_width\":80,\"image_align\":\"bottom\",\"image_grid_width\":\"1-2\",\"image_grid_breakpoint\":\"m\",\"image_svg_color\":\"emphasis\",\"link_style\":\"text\",\"margin\":\"default\",\"image_vertical_align\":true,\"text_align\":\"center\",\"image_grid_row_gap\":\"large\",\"image_grid_column_gap\":\"large\",\"meta_color\":\"muted\",\"content_style\":\"lead\",\"panel_content_padding\":\"default\",\"title_margin\":\"small\",\"title_link\":true,\"image_link\":true,\"image_width\":\"650\",\"image_height\":\"750\",\"title_style\":\"h3\",\"visibility\":\"s\",\"title\":\"Caf\\u00e9 de Olla\",\"meta\":\"El buen caf\\u00e9 toma su tiempo\",\"content\":\"\n\n<p>El caf\\u00e9 es una bebida muy popular que se obtiene de la semilla de un arbusto denominado Cafeto. Esta semilla es molida y tostada para obtener el polvo que se utiliza para la elaboraci\\u00f3n de la bebida.<\\\/p>\",\"image\":\"wp-content\\\/uploads\\\/2021\\\/01\\\/cafedeolla.jpg\",\"image_alt\":\"\",\"link\":\"tel:+19167362389\"}},{\"type\":\"panel\",\"props\":{\"link_text\":\"ordena\",\"title_hover_style\":\"reset\",\"title_element\":\"h2\",\"title_align\":\"top\",\"title_grid_width\":\"1-2\",\"title_grid_breakpoint\":\"m\",\"meta_style\":\"\",\"meta_align\":\"above-title\",\"meta_element\":\"div\",\"content_column_breakpoint\":\"m\",\"icon_width\":80,\"image_align\":\"top\",\"image_grid_width\":\"1-2\",\"image_grid_breakpoint\":\"m\",\"image_svg_color\":\"emphasis\",\"link_style\":\"text\",\"margin\":\"default\",\"image_vertical_align\":true,\"text_align\":\"center\",\"image_grid_row_gap\":\"large\",\"image_grid_column_gap\":\"large\",\"meta_color\":\"muted\",\"content_style\":\"lead\",\"panel_content_padding\":\"default\",\"title_margin\":\"small\",\"title_link\":true,\"image_link\":true,\"image_width\":\"910\",\"title_style\":\"h3\",\"visibility\":\"hidden-s\",\"title\":\"Cafe de Olla\",\"meta\":\"El buen caf\\u00e9 toma su tiempo\",\"content\":\"\n\n<p>El caf\\u00e9 es una bebida muy popular que se obtiene de la semilla de un arbusto denominado Cafeto. Esta semilla es molida y tostada para obtener el polvo que se utiliza para la elaboraci\\u00f3n de la bebida.<\\\/p>\",\"image\":\"wp-content\\\/uploads\\\/2021\\\/01\\\/cafedeolla.jpg\",\"image_alt\":\"\",\"link\":\"tel:+19167362389\"}}]}]}],\"name\":\"Posts\"}],\"version\":\"2.3.30\"} --><\/p>\n","protected":false},"excerpt":{"rendered":"<p>Bebidas Licuados Es posible elaborar un licuado con cualquier fruta, pero los m&aacute;s comunes son pl&aacute;tano, mamey, fresa, guayaba y papaya. $4.50 &nbsp; Regular $5.50 &nbsp; Mamey Precio Ordena ahora &nbsp;&nbsp; Comparte la noticia! facebook twitter whatsapp instagram Fuente de bebidas Licuados Orgullo natural Bebida preparada con leche, az&uacute;car, gotas de vainilla y pulpa de [&hellip;]<\/p>\n","protected":false},"featured_media":0,"comment_status":"open","ping_status":"closed","template":"","meta":[],"product_brand":[],"product_cat":[51],"product_tag":[],"class_list":{"0":"post-1433","1":"product","2":"type-product","3":"status-publish","5":"product_cat-uncategorized","7":"first","8":"instock","9":"shipping-taxable","10":"product-type-simple"},"_links":{"self":[{"href":"https:\/\/antoniocaballero.com\/lalos-restaurant\/wp-json\/wp\/v2\/product\/1433","targetHints":{"allow":["GET"]}}],"collection":[{"href":"https:\/\/antoniocaballero.com\/lalos-restaurant\/wp-json\/wp\/v2\/product"}],"about":[{"href":"https:\/\/antoniocaballero.com\/lalos-restaurant\/wp-json\/wp\/v2\/types\/product"}],"replies":[{"embeddable":true,"href":"https:\/\/antoniocaballero.com\/lalos-restaurant\/wp-json\/wp\/v2\/comments?post=1433"}],"wp:attachment":[{"href":"https:\/\/antoniocaballero.com\/lalos-restaurant\/wp-json\/wp\/v2\/media?parent=1433"}],"wp:term":[{"taxonomy":"product_brand","embeddable":true,"href":"https:\/\/antoniocaballero.com\/lalos-restaurant\/wp-json\/wp\/v2\/product_brand?post=1433"},{"taxonomy":"product_cat","embeddable":true,"href":"https:\/\/antoniocaballero.com\/lalos-restaurant\/wp-json\/wp\/v2\/product_cat?post=1433"},{"taxonomy":"product_tag","embeddable":true,"href":"https:\/\/antoniocaballero.com\/lalos-restaurant\/wp-json\/wp\/v2\/product_tag?post=1433"}],"curies":[{"name":"wp","href":"https:\/\/api.w.org\/{rel}","templated":true}]}}